{"id":1253,"date":"2021-09-27T19:28:29","date_gmt":"2021-09-27T19:28:29","guid":{"rendered":"https:\/\/www.shcj.org\/european\/?page_id=1253"},"modified":"2021-09-30T15:16:23","modified_gmt":"2021-09-30T15:16:23","slug":"retreat-in-daily-life-together","status":"publish","type":"page","link":"https:\/\/www.shcj.org\/european\/retreat-in-daily-life-together\/","title":{"rendered":"Retreat in Daily Life Together"},"content":{"rendered":"<div id=\"pl-1253\"  class=\"panel-layout\" ><div id=\"pg-1253-0\"  class=\"panel-grid panel-no-style\" ><div id=\"pgc-1253-0-0\"  class=\"panel-grid-cell\" ><div id=\"panel-1253-0-0-0\" class=\"so-panel widget widget_sow-editor panel-first-child panel-last-child\" data-index=\"0\" ><div\n\t\t\t\n\t\t\tclass=\"so-widget-sow-editor so-widget-sow-editor-base\"\n\t\t\t\n\t\t>\n<div class=\"siteorigin-widget-tinymce textwidget\">\n\t<figure><img decoding=\"async\" class=\"alignright lazyload\" data-src=\"https:\/\/www.shcj.org\/wp-content\/uploads\/2021\/07\/image001.jpg\" width=\"420\" height=\"280\" src=\"data:image\/svg+xml;base64,PHN2ZyB3aWR0aD0iMSIgaGVpZ2h0PSIxIiB4bWxucz0iaHR0cDovL3d3dy53My5vcmcvMjAwMC9zdmciPjwvc3ZnPg==\" style=\"--smush-placeholder-width: 420px; --smush-placeholder-aspect-ratio: 420\/280;\" \/><\/figure>\n<p><em><a href=\"https:\/\/www.shcj.org\/retiro-todos-juntos-en-la-vida-diaria\/\">Haga clic aqu\u00ed<\/a> para obtener esta p\u00e1gina en espa\u00f1ol.<\/em><\/p>\n<p>The\u00a0<em>Retreat in Daily Life Together<\/em>\u00a0is a resource for prayer originally developed as an integral part of the year-long celebration of the 175<sup>th<\/sup> anniversary of the founding of the Society of the Holy Child Jesus.<\/p>\n<p>Founded in 1846, the Society\u2019s special anniversary year extends from October 2020 to October 2021, and the retreat has spanned eight months within that year. Holy Child sisters, associates, ministry partners and many friends, from Africa, the Americas and Europe, took part in various ways \u2014 individually, in small or large groups, virtually or face-to-face, locally, nationally and internationally, in English and Spanish. All in all, about 400 people engaged together in this extended time of prayer within the context of their everyday lives.<\/p>\n<figure><img decoding=\"async\" class=\"alignleft lazyload\" data-src=\"https:\/\/www.shcj.org\/wp-content\/uploads\/2021\/07\/dreamstime_xxl_50461518.jpeg\" width=\"323\" height=\"215\" src=\"data:image\/svg+xml;base64,PHN2ZyB3aWR0aD0iMSIgaGVpZ2h0PSIxIiB4bWxucz0iaHR0cDovL3d3dy53My5vcmcvMjAwMC9zdmciPjwvc3ZnPg==\" style=\"--smush-placeholder-width: 323px; --smush-placeholder-aspect-ratio: 323\/215;\" \/><\/figure>\n<p>The content and dynamic of the retreat is based on the <em>Spiritual Exercises<\/em> of St. Ignatius of Loyola \u2014 his priceless legacy which continues to transcend the ages as a powerful aid to spiritual growth for people today. In fact, at this very time, the global Ignatian \u201cfamily\u201d is celebrating the impact of the moment, 500 years ago, when a cannonball shattered Ignatius\u2019 leg during combat, triggering his profound transformation into a zealous follower of Christ and a man for others.<\/p>\n<figure><img decoding=\"async\" class=\"alignright lazyload\" data-src=\"https:\/\/www.shcj.org\/wp-content\/uploads\/2021\/07\/image003.jpg\" width=\"383\" height=\"302\" src=\"data:image\/svg+xml;base64,PHN2ZyB3aWR0aD0iMSIgaGVpZ2h0PSIxIiB4bWxucz0iaHR0cDovL3d3dy53My5vcmcvMjAwMC9zdmciPjwvc3ZnPg==\" style=\"--smush-placeholder-width: 383px; --smush-placeholder-aspect-ratio: 383\/302;\" \/><\/figure>\n<p>Essentially, the Ignatian <em>Exercises <\/em>are an invitation and opportunity to deepen our personal relationship with God and our lives of love and service in communion with all that God has created. The spirituality of the <em>Exercises<\/em> is at the heart of the life of the Society of the Holy Child Jesus.<\/p>\n<p><strong>Now, as we enter the final months of the anniversary year, the Society is pleased to make the specially prepared retreat material available beyond this year for ongoing use by past participants and newcomers, both as groups and individuals.<\/strong> There are a few changes: time-sensitive references have been removed; the format and packaging is slightly altered, and a comprehensive bibliography has been added.<\/p>\n<p><strong>Also, we are pleased to offer a mini-retreat<\/strong> \u2014 for past participants wanting to refresh and renew the experience of last year, and for newcomers interested in sampling it within a short and flexible time-frame. Scroll down to access the mini-retreat (both as an e-book and a PDF document) and the other retreat documents.<\/p>\n<p>Scroll down to <strong>access the retreat material<\/strong>, organized under the five headings that describe the movements of the <em>Exercises<\/em>: <a href=\"#Preparation Days\">Preparation Days<\/a>, <a href=\"#First Week\">First Week<\/a>, <a href=\"#Second Week\">Second Week<\/a>, <a href=\"#Third Week\">Third Week<\/a>, <a href=\"#Fourth Week\">Fourth Week<\/a>.<\/p>\n<p>&nbsp;<\/p>\n<figure><img decoding=\"async\" class=\"aligncenter lazyload\" data-src=\"https:\/\/www.shcj.org\/wp-content\/uploads\/2021\/07\/shutterstock_356185769.jpeg\" width=\"1184\" height=\"320\" src=\"data:image\/svg+xml;base64,PHN2ZyB3aWR0aD0iMSIgaGVpZ2h0PSIxIiB4bWxucz0iaHR0cDovL3d3dy53My5vcmcvMjAwMC9zdmciPjwvc3ZnPg==\" style=\"--smush-placeholder-width: 1184px; --smush-placeholder-aspect-ratio: 1184\/320;\" \/><\/figure>\n<div style=\"position: relative; padding-top: max(60%,326px); height: 0; width: 100%;\"><iframe style=\"position: absolute; border: none; width: 100%; height: 100%; left: 0; right: 0; top: 0; bottom: 0;\" data-src=\"https:\/\/e.issuu.com\/embed.html?backgroundColor=%23FFFFFF&amp;backgroundColorFullscreen=%23FFFFFF&amp;d=rdlt-2-mini-us&amp;hideIssuuLogo=true&amp;logoImageUrl=https%3A%2F%2Fi.postimg.cc%2FJhK5hFqv%2Flogo-teal.png&amp;pageLayout=singlePage&amp;u=shcjpublications\" sandbox=\"allow-top-navigation allow-top-navigation-by-user-activation allow-downloads allow-scripts allow-same-origin allow-popups allow-modals allow-popups-to-escape-sandbox\" allowfullscreen=\"allowfullscreen\" src=\"data:image\/svg+xml;base64,PHN2ZyB3aWR0aD0iMSIgaGVpZ2h0PSIxIiB4bWxucz0iaHR0cDovL3d3dy53My5vcmcvMjAwMC9zdmciPjwvc3ZnPg==\" class=\"lazyload\" data-load-mode=\"1\"><\/iframe><\/div>\n<\/div>\n<\/div><\/div><\/div><\/div><div id=\"pg-1253-1\"  class=\"panel-grid panel-no-style\" ><div id=\"pgc-1253-1-0\"  class=\"panel-grid-cell\" ><div id=\"panel-1253-1-0-0\" class=\"so-panel widget widget_sow-editor panel-first-child panel-last-child\" data-index=\"1\" ><div class=\"panel-widget-style panel-widget-style-for-1253-1-0-0\" ><div\n\t\t\t\n\t\t\tclass=\"so-widget-sow-editor so-widget-sow-editor-base\"\n\t\t\t\n\t\t>\n<div class=\"siteorigin-widget-tinymce textwidget\">\n\t<p><a name=\"Preparation Days\"><\/a><br \/>\n<img decoding=\"async\" class=\"aligncenter lazyload\" data-src=\"https:\/\/www.shcj.org\/wp-content\/uploads\/2021\/09\/Screen-Shot-2021-09-23-at-1.16.53-PM.png\" width=\"329\" height=\"424\" src=\"data:image\/svg+xml;base64,PHN2ZyB3aWR0aD0iMSIgaGVpZ2h0PSIxIiB4bWxucz0iaHR0cDovL3d3dy53My5vcmcvMjAwMC9zdmciPjwvc3ZnPg==\" style=\"--smush-placeholder-width: 329px; --smush-placeholder-aspect-ratio: 329\/424;\" \/><\/p>\n<p style=\"text-align: center;\"><strong>Mini Retreat<\/strong><\/p>\n<p style=\"text-align: center;\"><a href=\"https:\/\/www.shcj.org\/wp-content\/uploads\/2021\/09\/RDLT-2-mini-A4.pdf\">A4<\/a><\/p>\n<p style=\"text-align: center;\"><a href=\"https:\/\/www.shcj.org\/wp-content\/uploads\/2021\/09\/RDLT-2-mini-US.pdf\">US Letter<\/a><\/p>\n<p style=\"text-align: center;\"><a href=\"https:\/\/www.shcj.org\/mini-retreat-media-links\/\">Media Links<\/a><\/p>\n<\/div>\n<\/div><\/div><\/div><\/div><div id=\"pgc-1253-1-1\"  class=\"panel-grid-cell\" ><div id=\"panel-1253-1-1-0\" class=\"so-panel widget widget_sow-editor panel-first-child panel-last-child\" data-index=\"2\" ><div class=\"panel-widget-style panel-widget-style-for-1253-1-1-0\" ><div\n\t\t\t\n\t\t\tclass=\"so-widget-sow-editor so-widget-sow-editor-base\"\n\t\t\t\n\t\t>\n<div class=\"siteorigin-widget-tinymce textwidget\">\n\t<p><a name=\"Preparation Days\"><\/a><br \/>\n<img decoding=\"async\" class=\"aligncenter lazyload\" data-src=\"https:\/\/www.shcj.org\/wp-content\/uploads\/2021\/07\/RDLT-2-Preparation-Days-US.png\" width=\"329\" height=\"427\" src=\"data:image\/svg+xml;base64,PHN2ZyB3aWR0aD0iMSIgaGVpZ2h0PSIxIiB4bWxucz0iaHR0cDovL3d3dy53My5vcmcvMjAwMC9zdmciPjwvc3ZnPg==\" style=\"--smush-placeholder-width: 329px; --smush-placeholder-aspect-ratio: 329\/427;\" \/><\/p>\n<p style=\"text-align: center;\"><strong>Preparation Days<\/strong><\/p>\n<p style=\"text-align: center;\"><a href=\"https:\/\/www.shcj.org\/wp-content\/uploads\/2021\/07\/RDLT-2-Preparation-Days.pdf\">A4<\/a><\/p>\n<p style=\"text-align: center;\"><a href=\"https:\/\/www.shcj.org\/wp-content\/uploads\/2021\/07\/RDLT-2-Preparation-Days-US.pdf\">US Letter<\/a><\/p>\n<p style=\"text-align: center;\"><a href=\"https:\/\/www.shcj.org\/media-links-preparation-days\/\">Media links<\/a><\/p>\n<\/div>\n<\/div><\/div><\/div><\/div><\/div><div id=\"pg-1253-2\"  class=\"panel-grid panel-no-style\" ><div id=\"pgc-1253-2-0\"  class=\"panel-grid-cell\" ><div id=\"panel-1253-2-0-0\" class=\"so-panel widget widget_sow-editor panel-first-child panel-last-child\" data-index=\"3\" ><div class=\"panel-widget-style panel-widget-style-for-1253-2-0-0\" ><div\n\t\t\t\n\t\t\tclass=\"so-widget-sow-editor so-widget-sow-editor-base\"\n\t\t\t\n\t\t>\n<div class=\"siteorigin-widget-tinymce textwidget\">\n\t<p><a name=\"First Week\"><\/a><br \/>\n<img decoding=\"async\" class=\"aligncenter lazyload\" data-src=\"https:\/\/www.shcj.org\/wp-content\/uploads\/2021\/07\/RDLT-2-First-Week-US-.png\" width=\"330\" height=\"428\" src=\"data:image\/svg+xml;base64,PHN2ZyB3aWR0aD0iMSIgaGVpZ2h0PSIxIiB4bWxucz0iaHR0cDovL3d3dy53My5vcmcvMjAwMC9zdmciPjwvc3ZnPg==\" style=\"--smush-placeholder-width: 330px; --smush-placeholder-aspect-ratio: 330\/428;\" \/><\/p>\n<p style=\"text-align: center;\"><strong>First Week<\/strong><\/p>\n<p style=\"text-align: center;\"><a href=\"https:\/\/www.shcj.org\/wp-content\/uploads\/2021\/07\/RDLT-2-First-Week-A4-.pdf\">A4<\/a><\/p>\n<p style=\"text-align: center;\"><a href=\"https:\/\/www.shcj.org\/wp-content\/uploads\/2021\/07\/RDLT-2-First-Week-US-.pdf\">US Letter<\/a><\/p>\n<p style=\"text-align: center;\"><a href=\"https:\/\/www.shcj.org\/media-links-first-week\/\">Media links<\/a><\/p>\n<\/div>\n<\/div><\/div><\/div><\/div><div id=\"pgc-1253-2-1\"  class=\"panel-grid-cell\" ><div id=\"panel-1253-2-1-0\" class=\"so-panel widget widget_sow-editor panel-first-child panel-last-child\" data-index=\"4\" ><div class=\"panel-widget-style panel-widget-style-for-1253-2-1-0\" ><div\n\t\t\t\n\t\t\tclass=\"so-widget-sow-editor so-widget-sow-editor-base\"\n\t\t\t\n\t\t>\n<div class=\"siteorigin-widget-tinymce textwidget\">\n\t<p><a name=\"Second Week\"><\/a><br \/>\n<img decoding=\"async\" class=\"aligncenter lazyload\" data-src=\"https:\/\/www.shcj.org\/wp-content\/uploads\/2021\/07\/RDLT-2-Second-Week-US-.png\" width=\"330\" height=\"428\" src=\"data:image\/svg+xml;base64,PHN2ZyB3aWR0aD0iMSIgaGVpZ2h0PSIxIiB4bWxucz0iaHR0cDovL3d3dy53My5vcmcvMjAwMC9zdmciPjwvc3ZnPg==\" style=\"--smush-placeholder-width: 330px; --smush-placeholder-aspect-ratio: 330\/428;\" \/><\/p>\n<p style=\"text-align: center;\"><strong>Second Week<\/strong><\/p>\n<p style=\"text-align: center;\"><a href=\"https:\/\/www.shcj.org\/wp-content\/uploads\/2021\/07\/RDLT-2-Second-Week-A4-pp.1-19-.pdf\">A4 (Page 1-19)<\/a><\/p>\n<p style=\"text-align: center;\"><a href=\"https:\/\/www.shcj.org\/wp-content\/uploads\/2021\/07\/RDLT-2-Second-Week-US-pp.1-19.pdf\">US Letter (Page 1-19)<\/a><\/p>\n<p style=\"text-align: center;\"><a href=\"https:\/\/www.shcj.org\/media-links-second-week\/\">Media links for Part 1<\/a><\/p>\n<p style=\"text-align: center;\"><a href=\"https:\/\/www.shcj.org\/wp-content\/uploads\/2021\/07\/RDLT-2-Second-Week-US-pp.20-41-1.pdf\">A4 (Page 20-41)<\/a><\/p>\n<p style=\"text-align: center;\"><a href=\"https:\/\/www.shcj.org\/wp-content\/uploads\/2021\/07\/RDLT-2-Second-Week-US-pp.20-41-.pdf\">US Letter (Page 20-41)<\/a><\/p>\n<p style=\"text-align: center;\"><a href=\"https:\/\/www.shcj.org\/media-links-second-week-part-two\/\">Media links for Part 2<\/a><\/p>\n<\/div>\n<\/div><\/div><\/div><\/div><\/div><div id=\"pg-1253-3\"  class=\"panel-grid panel-no-style\" ><div id=\"pgc-1253-3-0\"  class=\"panel-grid-cell\" ><div id=\"panel-1253-3-0-0\" class=\"so-panel widget widget_sow-editor panel-first-child panel-last-child\" data-index=\"5\" ><div class=\"panel-widget-style panel-widget-style-for-1253-3-0-0\" ><div\n\t\t\t\n\t\t\tclass=\"so-widget-sow-editor so-widget-sow-editor-base\"\n\t\t\t\n\t\t>\n<div class=\"siteorigin-widget-tinymce textwidget\">\n\t<p><a name=\"Third Week\"><\/a><br \/>\n<img decoding=\"async\" class=\"aligncenter lazyload\" data-src=\"https:\/\/www.shcj.org\/wp-content\/uploads\/2021\/07\/RDLT-2-Third-Week-US-1.jpg\" width=\"330\" height=\"427\" src=\"data:image\/svg+xml;base64,PHN2ZyB3aWR0aD0iMSIgaGVpZ2h0PSIxIiB4bWxucz0iaHR0cDovL3d3dy53My5vcmcvMjAwMC9zdmciPjwvc3ZnPg==\" style=\"--smush-placeholder-width: 330px; --smush-placeholder-aspect-ratio: 330\/427;\" \/><\/p>\n<p style=\"text-align: center;\"><strong>Third Week<\/strong><\/p>\n<p style=\"text-align: center;\"><a href=\"https:\/\/www.shcj.org\/wp-content\/uploads\/2021\/07\/RDLT-2-Third-Week-A4.pdf\">A4<\/a><\/p>\n<p style=\"text-align: center;\"><a href=\"https:\/\/www.shcj.org\/wp-content\/uploads\/2021\/07\/RDLT-2-Third-Week-US-2.pdf\">US Letter<\/a><\/p>\n<p style=\"text-align: center;\"><a href=\"https:\/\/www.shcj.org\/media-links-third-week\/\">Media links<\/a><\/p>\n<\/div>\n<\/div><\/div><\/div><\/div><div id=\"pgc-1253-3-1\"  class=\"panel-grid-cell\" ><div id=\"panel-1253-3-1-0\" class=\"so-panel widget widget_sow-editor panel-first-child panel-last-child\" data-index=\"6\" ><div class=\"panel-widget-style panel-widget-style-for-1253-3-1-0\" ><div\n\t\t\t\n\t\t\tclass=\"so-widget-sow-editor so-widget-sow-editor-base\"\n\t\t\t\n\t\t>\n<div class=\"siteorigin-widget-tinymce textwidget\">\n\t<p><a name=\"Fourth Week\"><\/a><br \/>\n<img decoding=\"async\" class=\"aligncenter lazyload\" data-src=\"https:\/\/www.shcj.org\/wp-content\/uploads\/2021\/07\/RDLT-2-Fourth-Week_-US-.png\" width=\"330\" height=\"428\" src=\"data:image\/svg+xml;base64,PHN2ZyB3aWR0aD0iMSIgaGVpZ2h0PSIxIiB4bWxucz0iaHR0cDovL3d3dy53My5vcmcvMjAwMC9zdmciPjwvc3ZnPg==\" style=\"--smush-placeholder-width: 330px; --smush-placeholder-aspect-ratio: 330\/428;\" \/><\/p>\n<p style=\"text-align: center;\"><strong>Fourth Week<\/strong><\/p>\n<p style=\"text-align: center;\"><a href=\"https:\/\/www.shcj.org\/wp-content\/uploads\/2021\/07\/RDLT-2-Fourth-Week_-A4.pdf\">A4<\/a><\/p>\n<p style=\"text-align: center;\"><a href=\"https:\/\/www.shcj.org\/wp-content\/uploads\/2021\/07\/RDLT-2-Fourth-Week_-US-1-1.pdf\">US Letter<\/a><\/p>\n<p style=\"text-align: center;\"><a href=\"https:\/\/www.shcj.org\/media-links-fourth-week\/\">Media links<\/a><\/p>\n<\/div>\n<\/div><\/div><\/div><\/div><\/div><\/div>","protected":false},"excerpt":{"rendered":"<p>Haga clic aqu\u00ed para obtener esta p\u00e1gina en espa\u00f1ol. The\u00a0Retreat in Daily Life Together\u00a0is a resource for prayer originally developed as an integral part of the year-long celebration of the 175th anniversary of the founding of the Society of the Holy Child Jesus. Founded in 1846, the Society\u2019s special anniversary year extends from October 2020 [&hellip;]<\/p>\n","protected":false},"author":385,"featured_media":0,"parent":0,"menu_order":0,"comment_status":"closed","ping_status":"closed","template":"page-full.php","meta":{"footnotes":""},"class_list":["post-1253","page","type-page","status-publish","hentry"],"_links":{"self":[{"href":"https:\/\/www.shcj.org\/european\/wp-json\/wp\/v2\/pages\/1253","targetHints":{"allow":["GET"]}}],"collection":[{"href":"https:\/\/www.shcj.org\/european\/wp-json\/wp\/v2\/pages"}],"about":[{"href":"https:\/\/www.shcj.org\/european\/wp-json\/wp\/v2\/types\/page"}],"author":[{"embeddable":true,"href":"https:\/\/www.shcj.org\/european\/wp-json\/wp\/v2\/users\/385"}],"replies":[{"embeddable":true,"href":"https:\/\/www.shcj.org\/european\/wp-json\/wp\/v2\/comments?post=1253"}],"version-history":[{"count":0,"href":"https:\/\/www.shcj.org\/european\/wp-json\/wp\/v2\/pages\/1253\/revisions"}],"wp:attachment":[{"href":"https:\/\/www.shcj.org\/european\/wp-json\/wp\/v2\/media?parent=1253"}],"curies":[{"name":"wp","href":"https:\/\/api.w.org\/{rel}","templated":true}]}}